{"id":10,"date":"2025-02-14T20:25:28","date_gmt":"2025-02-14T20:25:28","guid":{"rendered":"https:\/\/wynchar.com\/c25\/?page_id=10"},"modified":"2026-03-25T16:52:43","modified_gmt":"2026-03-25T16:52:43","slug":"previous-caminos","status":"publish","type":"page","link":"https:\/\/wynchar.com\/c25\/previous-caminos\/","title":{"rendered":"Our Other Caminos"},"content":{"rendered":"\n<p><a href=\"https:\/\/wynchar.com\/c25\/\" target=\"_blank\" rel=\"noreferrer noopener\">2025 Camino<\/a>, Portuguese Coastal, Part of the Primitivo, Week in Vigo<\/p>\n\n\n\n<p><a href=\"https:\/\/wynchar.com\/sc24\/\" target=\"_blank\" rel=\"noreferrer noopener\">2024 Camino del Norte<\/a>, first half + stays in Llanes and Oviedo<\/p>\n\n\n\n<p><a href=\"https:\/\/wynchar.com\/sc23\/\" target=\"_blank\" rel=\"noreferrer noopener\">2023 Ruta del Cant\u00e1brico, Camino do Mar, Camino Ingl\u00e9s<\/a><\/p>\n\n\n\n<p><a href=\"https:\/\/wynchar.com\/sc22\/\" target=\"_blank\" rel=\"noreferrer noopener\">2022 Camino Frances, and A Coruna<\/a><\/p>\n\n\n\n<p><a href=\"https:\/\/wynchar.com\/sc19\/\" target=\"_blank\" rel=\"noreferrer noopener\">2019 Norte, second part<\/a>, Avil\u00e9s to Ribadeo; Camino del Mar<\/p>\n\n\n\n<p><a href=\"https:\/\/wynchar.com\/sc18\/\" target=\"_blank\" rel=\"noreferrer noopener\">2018 Norte,<\/a> first part, San Sebastian to Villaviciosa<\/p>\n\n\n\n<p><a href=\"https:\/\/wynchar.com\/i17\/\">2017 Via <\/a><a href=\"https:\/\/wynchar.com\/sc17\/\" target=\"_blank\" rel=\"noreferrer noopener\">Francigena<\/a>, Italy: Milan to Siena<\/p>\n\n\n\n<p><a href=\"https:\/\/www.wynchar.com\/wcblogs\/c16.html\" target=\"_blank\" rel=\"noreferrer noopener\">2016 Camino Portugese<\/a>, Porto to Santiago, Camino Finisterre<\/p>\n\n\n\n<p><a href=\"https:\/\/wynchar.com\/sc15\/\" target=\"_blank\" rel=\"noreferrer noopener\">2015 Seville<\/a>, a month in Seville<\/p>\n\n\n\n<p><a href=\"https:\/\/wynchar.com\/sc14\/\" target=\"_blank\" rel=\"noreferrer noopener\">2014 Camino Frances<\/a><\/p>\n\n\n\n<p><a href=\"https:\/\/wynchar.com\/sc13\/\" target=\"_blank\" rel=\"noreferrer noopener\">2013 Camino Frances<\/a><\/p>\n\n\n\n<p><strong>Other trips<\/strong><\/p>\n\n\n\n<p><a href=\"https:\/\/wynchar.com\/s12\/\" target=\"_blank\" rel=\"noreferrer noopener\">2012 Spain<\/a><\/p>\n\n\n\n<p><a href=\"https:\/\/wynchar.com\/italy2011\/\" target=\"_blank\" rel=\"noreferrer noopener\">2011 Italy<\/a><\/p>\n\n\n\n<p><\/p>\n","protected":false},"excerpt":{"rendered":"<p>2025 Camino, Portuguese Coastal, Part of the Primitivo, Week in Vigo 2024 Camino del Norte, first half + stays in Llanes and Oviedo 2023 Ruta del Cant\u00e1brico, Camino do Mar, Camino Ingl\u00e9s 2022 Camino Frances, and A Coruna 2019 Norte, second part, Avil\u00e9s to Ribadeo; Camino del Mar 2018 Norte, first part, San Sebastian to &hellip; <a href=\"https:\/\/wynchar.com\/c25\/previous-caminos\/\" class=\"more-link\">Continue reading<span class=\"screen-reader-text\"> &#8220;Our Other Caminos&#8221;<\/span><\/a><\/p>\n","protected":false},"author":1,"featured_media":0,"parent":0,"menu_order":0,"comment_status":"closed","ping_status":"closed","template":"","meta":{"footnotes":""},"class_list":["post-10","page","type-page","status-publish","hentry"],"jetpack_sharing_enabled":true,"_links":{"self":[{"href":"https:\/\/wynchar.com\/c25\/wp-json\/wp\/v2\/pages\/10","targetHints":{"allow":["GET"]}}],"collection":[{"href":"https:\/\/wynchar.com\/c25\/wp-json\/wp\/v2\/pages"}],"about":[{"href":"https:\/\/wynchar.com\/c25\/wp-json\/wp\/v2\/types\/page"}],"author":[{"embeddable":true,"href":"https:\/\/wynchar.com\/c25\/wp-json\/wp\/v2\/users\/1"}],"replies":[{"embeddable":true,"href":"https:\/\/wynchar.com\/c25\/wp-json\/wp\/v2\/comments?post=10"}],"version-history":[{"count":6,"href":"https:\/\/wynchar.com\/c25\/wp-json\/wp\/v2\/pages\/10\/revisions"}],"predecessor-version":[{"id":1723,"href":"https:\/\/wynchar.com\/c25\/wp-json\/wp\/v2\/pages\/10\/revisions\/1723"}],"wp:attachment":[{"href":"https:\/\/wynchar.com\/c25\/wp-json\/wp\/v2\/media?parent=10"}],"curies":[{"name":"wp","href":"https:\/\/api.w.org\/{rel}","templated":true}]}}